{"id":15,"date":"2023-12-01T19:45:05","date_gmt":"2023-12-01T19:45:05","guid":{"rendered":"https:\/\/www.pesos.cz\/?page_id=15"},"modified":"2024-01-22T14:54:14","modified_gmt":"2024-01-22T14:54:14","slug":"kontakty","status":"publish","type":"page","link":"https:\/\/www.pesos.cz\/?page_id=15","title":{"rendered":"KONTAKTY"},"content":{"rendered":"<div class=\"fusion-fullwidth fullwidth-box fusion-builder-row-1 fusion-flex-container has-pattern-background has-mask-background nonhundred-percent-fullwidth non-hundred-percent-height-scrolling\" style=\"--awb-border-radius-top-left:0px;--awb-border-radius-top-right:0px;--awb-border-radius-bottom-right:0px;--awb-border-radius-bottom-left:0px;--awb-flex-wrap:wrap;\" ><div class=\"fusion-builder-row fusion-row fusion-flex-align-items-flex-start fusion-flex-content-wrap\" style=\"max-width:1216.8px;margin-left: calc(-4% \/ 2 );margin-right: calc(-4% \/ 2 );\"><div class=\"fusion-layout-column fusion_builder_column fusion-builder-column-0 fusion_builder_column_1_1 1_1 fusion-flex-column\" style=\"--awb-bg-size:cover;--awb-width-large:100%;--awb-margin-top-large:0px;--awb-spacing-right-large:1.92%;--awb-margin-bottom-large:20px;--awb-spacing-left-large:1.92%;--awb-width-medium:100%;--awb-order-medium:0;--awb-spacing-right-medium:1.92%;--awb-spacing-left-medium:1.92%;--awb-width-small:100%;--awb-order-small:0;--awb-spacing-right-small:1.92%;--awb-spacing-left-small:1.92%;\"><div class=\"fusion-column-wrapper fusion-column-has-shadow fusion-flex-justify-content-flex-start fusion-content-layout-column\"><div class=\"awb-circles-info icons-on-outer-circle has-box-shadow\" style=\"--awb-icon-circle-color:var(--awb-color4);--awb-icon-circle-size:2px;--awb-content-circle-color:var(--awb-color4);--awb-icon-bg-color:var(--awb-color5);--awb-icon-border-size:1px;--awb-title-color:var(--awb-color4);--awb-title-hover-color:var(--awb-color1);--awb-gradient-start-position:0%;--awb-gradient-end-position:100%;--awb-linear-angle:180deg;--awb-radial-direction:circle at center center;--awb-icon-border-style:double;--awb-content-circle-border-style:double;--awb-icon-circle-border-style:double;\" data-activation-type=\"mouseover\"><div class=\"awb-circles-info-wrapper\"><div class=\"awb-circles-info-icons-wrapper\"><div class=\"awb-circles-info-tab-link\" data-id=\"1\"><span><i class=\"fa-500px fab\"><\/i><\/span><\/div><\/div><div class=\"awb-circles-info-content-wrapper\"><div class=\"awb-circle-info awb-circles-info-content-area awb-circle-info-1\" data-id=\"1\"><div class=\"awb-circles-info-title\">PESOS, o.p.s.<\/div><div class=\"awb-circles-info-text\">Na slatin\u00e1ch 3418 | 100 00, Praha 10 \u2013 Stra\u0161nice\nI\u010c: 22908382\nDI\u010c: CZ22908382\nDatov\u00e1 schr\u00e1nka: wbxnw7q\nGPS: 50.062674,14.484172\nPhone: 776 551 160<br \/>\nEmail: pesos@pesos.cz\nOFICI\u00c1LN\u00cd \u00da\u010cET<br \/>\nFio banka: 2500322101\/2010\nTRANSPARENTN\u00cd SB\u00cdRKOV\u00dd \u00da\u010cET<br \/>\nFio banka: 2300535970\/2010<br \/>\nZDE N\u00c1S M\u016e\u017dETE KONTAKTOVAT<\/div><\/div><\/div><\/div><\/div><div class=\"fusion-section-separator section-separator triangle fusion-section-separator-1\" style=\"--awb-border-bottom:1px solid #f6f6f6;--awb-spacer-height:1px;--awb-svg-margin-left:1.92%;--awb-svg-margin-right:1.92%;--awb-svg-margin-left-medium:1.92%;--awb-svg-margin-right-medium:1.92%;--awb-svg-margin-left-small:1.92%;--awb-svg-margin-right-small:1.92%;--awb-icon-color:#ffffff;\"><div class=\"fusion-section-separator-svg\"><div class=\"section-separator-icon icon fa-american-sign-language-interpreting fas\" aria-hidden=\"true\"><\/div><div class=\"divider-candy-arrow bottom\" style=\"top:0px;border-top-color: #f6f6f6;\"><\/div><div class=\"divider-candy bottom\" style=\"bottom:-21px;border-bottom:1px solid #f6f6f6;border-left:1px solid #f6f6f6;\"><\/div><\/div><div class=\"fusion-section-separator-spacer\"><div class=\"fusion-section-separator-spacer-height\"><\/div><\/div><\/div><div class=\"fusion-image-element \" style=\"text-align:center;--awb-bottom-shadow-color:rgba(175,175,175,0.4);--awb-caption-title-font-family:var(--h2_typography-font-family);--awb-caption-title-font-weight:var(--h2_typography-font-weight);--awb-caption-title-font-style:var(--h2_typography-font-style);--awb-caption-title-size:var(--h2_typography-font-size);--awb-caption-title-transform:var(--h2_typography-text-transform);--awb-caption-title-line-height:var(--h2_typography-line-height);--awb-caption-title-letter-spacing:var(--h2_typography-letter-spacing);\"><div class=\"awb-image-frame awb-image-frame-1 fusion-image-frame-bottomshadow element-bottomshadow image-frame-shadow-1\"><span class=\" fusion-imageframe imageframe-bottomshadow imageframe-1 element-bottomshadow hover-type-zoomin\" style=\"border:2px solid #f6f6f6;\"><a class=\"fusion-no-lightbox\" href=\"https:\/\/mapy.cz\/zakladni?source=firm&amp;id=2617092&amp;ds=1&amp;x=14.4839004&amp;y=50.0625133&amp;z=17\" target=\"_blank\" aria-label=\"Sn\u00edmek obrazovky 2024-01-22 151930\" rel=\"noopener noreferrer\"><img decoding=\"async\" width=\"300\" height=\"132\" src=\"http:\/\/www.pesos.cz\/wp-content\/uploads\/2024\/01\/Snimek-obrazovky-2024-01-22-151930-300x132.png\" alt class=\"img-responsive wp-image-275\" srcset=\"https:\/\/www.pesos.cz\/wp-content\/uploads\/2024\/01\/Snimek-obrazovky-2024-01-22-151930-200x88.png 200w, https:\/\/www.pesos.cz\/wp-content\/uploads\/2024\/01\/Snimek-obrazovky-2024-01-22-151930-400x176.png 400w, https:\/\/www.pesos.cz\/wp-content\/uploads\/2024\/01\/Snimek-obrazovky-2024-01-22-151930-600x264.png 600w, https:\/\/www.pesos.cz\/wp-content\/uploads\/2024\/01\/Snimek-obrazovky-2024-01-22-151930-800x351.png 800w, https:\/\/www.pesos.cz\/wp-content\/uploads\/2024\/01\/Snimek-obrazovky-2024-01-22-151930-1200x527.png 1200w, https:\/\/www.pesos.cz\/wp-content\/uploads\/2024\/01\/Snimek-obrazovky-2024-01-22-151930.png 1348w\" sizes=\"(max-width: 1024px) 100vw, (max-width: 640px) 100vw, 1200px\" \/><\/a><\/span><\/div><\/div><\/div><\/div><\/div><\/div>\n","protected":false},"excerpt":{"rendered":"","protected":false},"author":1,"featured_media":0,"parent":0,"menu_order":0,"comment_status":"closed","ping_status":"closed","template":"","meta":{"footnotes":""},"class_list":["post-15","page","type-page","status-publish","hentry"],"_links":{"self":[{"href":"https:\/\/www.pesos.cz\/index.php?rest_route=\/wp\/v2\/pages\/15","targetHints":{"allow":["GET"]}}],"collection":[{"href":"https:\/\/www.pesos.cz\/index.php?rest_route=\/wp\/v2\/pages"}],"about":[{"href":"https:\/\/www.pesos.cz\/index.php?rest_route=\/wp\/v2\/types\/page"}],"author":[{"embeddable":true,"href":"https:\/\/www.pesos.cz\/index.php?rest_route=\/wp\/v2\/users\/1"}],"replies":[{"embeddable":true,"href":"https:\/\/www.pesos.cz\/index.php?rest_route=%2Fwp%2Fv2%2Fcomments&post=15"}],"version-history":[{"count":33,"href":"https:\/\/www.pesos.cz\/index.php?rest_route=\/wp\/v2\/pages\/15\/revisions"}],"predecessor-version":[{"id":291,"href":"https:\/\/www.pesos.cz\/index.php?rest_route=\/wp\/v2\/pages\/15\/revisions\/291"}],"wp:attachment":[{"href":"https:\/\/www.pesos.cz\/index.php?rest_route=%2Fwp%2Fv2%2Fmedia&parent=15"}],"curies":[{"name":"wp","href":"https:\/\/api.w.org\/{rel}","templated":true}]}}