{"id":17,"date":"2023-12-01T19:46:07","date_gmt":"2023-12-01T19:46:07","guid":{"rendered":"https:\/\/www.pesos.cz\/?page_id=17"},"modified":"2023-12-26T16:39:43","modified_gmt":"2023-12-26T16:39:43","slug":"o-nas","status":"publish","type":"page","link":"https:\/\/www.pesos.cz\/?page_id=17","title":{"rendered":"O N\u00c1S"},"content":{"rendered":"<p><div class=\"fusion-fullwidth fullwidth-box fusion-builder-row-1 fusion-flex-container has-pattern-background has-mask-background nonhundred-percent-fullwidth non-hundred-percent-height-scrolling\" style=\"--awb-border-radius-top-left:0px;--awb-border-radius-top-right:0px;--awb-border-radius-bottom-right:0px;--awb-border-radius-bottom-left:0px;--awb-flex-wrap:wrap;\" ><div class=\"fusion-builder-row fusion-row fusion-flex-align-items-flex-start fusion-flex-content-wrap\" style=\"max-width:1216.8px;margin-left: calc(-4% \/ 2 );margin-right: calc(-4% \/ 2 );\"><div class=\"fusion-layout-column fusion_builder_column fusion-builder-column-0 fusion_builder_column_1_1 1_1 fusion-flex-column\" style=\"--awb-bg-size:cover;--awb-width-large:100%;--awb-margin-top-large:0px;--awb-spacing-right-large:1.92%;--awb-margin-bottom-large:20px;--awb-spacing-left-large:1.92%;--awb-width-medium:100%;--awb-order-medium:0;--awb-spacing-right-medium:1.92%;--awb-spacing-left-medium:1.92%;--awb-width-small:100%;--awb-order-small:0;--awb-spacing-right-small:1.92%;--awb-spacing-left-small:1.92%;\"><div class=\"fusion-column-wrapper fusion-column-has-shadow fusion-flex-justify-content-flex-start fusion-content-layout-column\"><div class=\"fusion-image-carousel fusion-image-carousel-auto fusion-image-carousel-1\"><div class=\"awb-carousel awb-swiper awb-swiper-carousel\" data-autoplay=\"no\" data-columns=\"5\" data-itemmargin=\"13\" data-itemwidth=\"180\" data-touchscroll=\"no\" data-imagesize=\"auto\"><div class=\"swiper-wrapper awb-image-carousel-wrapper fusion-flex-align-items-center\"><div class=\"swiper-slide\"><div class=\"fusion-carousel-item-wrapper\"><div class=\"fusion-image-wrapper hover-type-none\"><img decoding=\"async\" width=\"1024\" height=\"236\" src=\"https:\/\/www.pesos.cz\/wp-content\/uploads\/2023\/12\/panel1-1024x236-1.png\" class=\"attachment-full size-full\" alt=\"\" srcset=\"https:\/\/www.pesos.cz\/wp-content\/uploads\/2023\/12\/panel1-1024x236-1-200x46.png 200w, https:\/\/www.pesos.cz\/wp-content\/uploads\/2023\/12\/panel1-1024x236-1-300x69.png 300w, https:\/\/www.pesos.cz\/wp-content\/uploads\/2023\/12\/panel1-1024x236-1-400x92.png 400w, https:\/\/www.pesos.cz\/wp-content\/uploads\/2023\/12\/panel1-1024x236-1-600x138.png 600w, https:\/\/www.pesos.cz\/wp-content\/uploads\/2023\/12\/panel1-1024x236-1-768x177.png 768w, https:\/\/www.pesos.cz\/wp-content\/uploads\/2023\/12\/panel1-1024x236-1-800x184.png 800w, https:\/\/www.pesos.cz\/wp-content\/uploads\/2023\/12\/panel1-1024x236-1.png 1024w\" sizes=\"(max-width: 1024px) 100vw, 1024px\" \/><\/div><\/div><\/div><\/div><div class=\"awb-swiper-button awb-swiper-button-prev\"><i class=\"awb-icon-angle-left\" aria-hidden=\"true\"><\/i><\/div><div class=\"awb-swiper-button awb-swiper-button-next\"><i class=\"awb-icon-angle-right\" aria-hidden=\"true\"><\/i><\/div><\/div><\/div><div class=\"fusion-flip-boxes flip-boxes row fusion-columns-3 flip-effect-3d equal-heights\"><div class=\"fusion-flip-box-wrapper fusion-column col-lg-4 col-md-4 col-sm-4\"><div class=\"fusion-flip-box flip-up\" tabindex=\"0\"><div class=\"flip-box-inner-wrapper\"><div class=\"flip-box-front\" style=\"--awb-icon-color:var(--awb-color6);--awb-background-color-front:var(--awb-color2);\"><div class=\"flip-box-front-inner\"><div class=\"flip-box-grafix flip-box-no-circle\"><i aria-hidden=\"true\" class=\"fa-dog fas\"><\/i><\/div><h2 class=\"flip-box-heading\">956.256,-K\u010d<\/h2>Finan\u010dn\u00ed dary celkem <\/div><\/div><div class=\"flip-box-back\" style=\"--awb-icon-color:var(--awb-color6);--awb-background-color-back:var(--awb-color2);\"><div class=\"flip-box-back-inner\"><h3 class=\"flip-box-heading-back\">956.256,-K\u010d<\/h3>\n<h4><strong><img decoding=\"async\" class=\"alignnone size-full wp-image-41\" src=\"http:\/\/www.pesos.cz\/wp-content\/uploads\/2023\/12\/pesoslow1.png\" alt=\"\" width=\"154\" height=\"197\" \/><\/strong><\/h4>\n<h4><strong>Finan\u010dn\u00ed dary celkem<br \/>\n<\/strong><\/h4>\n<\/div><\/div><\/div><\/div><\/div><div class=\"fusion-flip-box-wrapper fusion-column col-lg-4 col-md-4 col-sm-4\"><div class=\"fusion-flip-box flip-up fusion-animated\" tabindex=\"0\" data-animationType=\"shake\" data-animationDuration=\"0.3\" data-animationOffset=\"top-into-view\"><div class=\"flip-box-inner-wrapper\"><div class=\"flip-box-front\" style=\"--awb-icon-color:var(--awb-color6);--awb-background-color-front:var(--awb-color2);\"><div class=\"flip-box-front-inner\"><div class=\"flip-box-grafix flip-box-no-circle\"><i aria-hidden=\"true\" class=\"fa-dog fas\"><\/i><\/div><h2 class=\"flip-box-heading\">3.325 457,-K\u010d<\/h2>Materi\u00e1ln\u00ed dary celkem<\/div><\/div><div class=\"flip-box-back\" style=\"--awb-icon-color:var(--awb-color6);--awb-background-color-back:var(--awb-color2);\"><div class=\"flip-box-back-inner\"><h3 class=\"flip-box-heading-back\">3.325 457,-K\u010d<\/h3>\n<h4><strong><img decoding=\"async\" class=\"alignnone size-full wp-image-41\" src=\"http:\/\/www.pesos.cz\/wp-content\/uploads\/2023\/12\/pesoslow1.png\" alt=\"\" width=\"154\" height=\"197\" \/><\/strong><\/h4>\n<h4><strong>Materi\u00e1ln\u00ed dary celkem<\/strong><\/h4>\n<\/div><\/div><\/div><\/div><\/div><div class=\"fusion-flip-box-wrapper fusion-column col-lg-4 col-md-4 col-sm-4\"><div class=\"fusion-flip-box flip-up\" tabindex=\"0\"><div class=\"flip-box-inner-wrapper\"><div class=\"flip-box-front\" style=\"--awb-icon-color:var(--awb-color6);--awb-background-color-front:var(--awb-color2);\"><div class=\"flip-box-front-inner\"><div class=\"flip-box-grafix flip-box-no-circle\"><i aria-hidden=\"true\" class=\"fa-dog fas\"><\/i><\/div><h2 class=\"flip-box-heading\">1. 358 652,-K\u010d<\/h2>Vybran\u00e1 \u010d\u00e1stka na na\u0161ich akc\u00edch<\/div><\/div><div class=\"flip-box-back\" style=\"--awb-icon-color:var(--awb-color6);--awb-background-color-back:var(--awb-color2);\"><div class=\"flip-box-back-inner\"><h3 class=\"flip-box-heading-back\">1. 358 652,-K\u010d<\/h3>\n<h3><strong><img decoding=\"async\" class=\"alignnone size-full wp-image-41\" src=\"http:\/\/www.pesos.cz\/wp-content\/uploads\/2023\/12\/pesoslow1.png\" alt=\"\" width=\"154\" height=\"197\" \/><\/strong><\/h3>\n<h3><strong>Vybran\u00e1 \u010d\u00e1stka na na\u0161ich akc\u00edch<\/strong><\/h3>\n<\/div><\/div><\/div><\/div><\/div><\/div>\n<div class=\"fusion-text fusion-text-1\"><p>O N\u00c1S A NA\u0160E AKCE<\/p>\n<ul>\n<li><strong>V\u00e1no\u010dn\u00ed sb\u00edrky od roku 2012<\/strong><\/li>\n<li><strong>Canicrossov\u00e9 z\u00e1vody od roku 2014<\/strong><\/li>\n<li><strong>Materi\u00e1ln\u00ed sb\u00edrky Z\u0160 M\u010c Praha 10 <\/strong><\/li>\n<li><strong>P\u0159\u00edmo za \u010dum\u00e1kem v Kr\u010dsk\u00e9m lese od roku 2014<\/strong><\/li>\n<li><strong>Finan\u010dn\u00ed sb\u00edrky od roku 2012<\/strong><\/li>\n<li><strong>Ps\u00ed den Prahy 10 ve spolupr\u00e1ci M\u010c Prahy 10<\/strong><\/li>\n<\/ul>\n<p>Ob\u010dansk\u00e9 sdru\u017een\u00ed PESOS jsme zalo\u017eili 12.1.2011. K 28.1.2014 se zm\u011bnila pr\u00e1vn\u00ed forma na\u0161\u00ed organizace. Dle nov\u00e9ho z\u00e1kona jsme pro\u0161li transformac\u00ed na obecn\u011b prosp\u011b\u0161nou spole\u010dnost, tedy PESOS, o.p.s.<br \/>\nPRO\u010c JSME NA SV\u011aT\u011a?<\/p>\n<p>P\u0159edev\u0161\u00edm proto, abychom pomohli ps\u016fm, ko\u010dk\u00e1m i ostatn\u00edm, kte\u0159\u00ed \u017eij\u00ed s n\u00e1mi a \u010dasto se bez pomoci prost\u011b neobejdou. Budeme pom\u00e1hat nejen konkr\u00e9tn\u00edm zv\u00ed\u0159at\u016fm v nouzi, ale tak\u00e9 organizac\u00edm, kter\u00e9 o opu\u0161t\u011bn\u00e1 dom\u00e1c\u00ed zv\u00ed\u0159ata pe\u010duj\u00ed. Nen\u00ed n\u00e1m lhostejn\u00e9, \u017ee jsou mezi n\u00e1mi lid\u00e9, kte\u0159\u00ed si po\u0159\u00edd\u00ed zv\u00ed\u0159e a potom ho prost\u011b vyhod\u00ed. Vad\u00ed n\u00e1m, \u017ee n\u011bkte\u0159\u00ed tyto kamar\u00e1dy beztrestn\u011b t\u00fdraj\u00ed. To se mus\u00ed zm\u011bnit. Je zapot\u0159eb\u00ed zp\u0159\u00edsnit tresty za t\u00fdr\u00e1n\u00ed dom\u00e1c\u00edch zv\u00ed\u0159at. Chceme p\u0159isp\u011bt ke zlep\u0161en\u00ed \u017eivota t\u011bchto v\u011brn\u00fdch kamar\u00e1d\u016f, kte\u0159\u00ed l\u00e1sku mnohon\u00e1sobn\u011b vracej\u00ed.<\/p>\n<p>Pokud n\u00e1m v t\u00e9to snaze chcete pomoci, budeme r\u00e1di.<br \/>\nT\u00ddM PESOS o.p.s.<\/p>\n<p>Patron PESOS o.p.s.<\/p>\n<p>Patron PESOS o.p.s.V\u00e1clav Noid B\u00e1rta<br \/>\nVa\u0161ek se rozhodl p\u0159ijmout na\u0161\u00ed nab\u00eddku a st\u00e1t se na\u0161\u00edm patronem.\u201eL\u00edb\u00ed se mi, co PESOS d\u011bl\u00e1 a velmi r\u00e1d jsem p\u0159ijal nab\u00eddku st\u00e1t se jeho patronem. Zbo\u017e\u0148uji psy a ve\u0161ker\u00e1 ostatn\u00ed zv\u00ed\u0159ata a tr\u00e1p\u00ed m\u011b kdy\u017e vid\u00edm, kolik jich \u010dek\u00e1 v \u00fatulku na nov\u00e9ho p\u00e1na. Cht\u011bl bych sv\u00fdm p\u0159\u00edstupem p\u0159isp\u011bt k v\u011bt\u0161\u00edmu z\u00e1jmu ve\u0159ejnosti o problematiku opu\u0161t\u011bn\u00fdch a t\u00fdran\u00fdch ps\u016f a p\u0159il\u00e1kat tak\u00e9 v\u00edce podporovatel\u016f do PESOS o.p.s.\u201c<\/p>\n<p>\u0158editelka PESOS o.p.s.<\/p>\n<p>\u0158editelka PESOS o.p.s.Dana Appeltov\u00e1<br \/>\nVystudovala st\u0159edn\u00ed \u0161kolu obor propaga\u010dn\u00ed v\u00fdtvarn\u00edk. Pracuje jako obchodn\u00ed z\u00e1stupce ve firm\u011b TRIXIE, pracovala jako asistentka, obchodn\u00ed managerka a jako marketingov\u00fd poradce pro firmu Seznam.cz, pro spol. Vodafone Czech Republic a.s. a m\u00e1 eshop s chovatelsk\u00fdmi pot\u0159ebami, d\u00e1le se zab\u00fdv\u00e1 ven\u010den\u00edm, hl\u00edd\u00e1n\u00edm ps\u016f a po\u0159\u00e1d\u00e1n\u00edm ps\u00edch sraz\u016f a ostan\u00edch sportovn\u00edch akc\u00ed pro V\u00e1s a Va\u0161e \u010dty\u0159noh\u00e9 mil\u00e1\u010dky. Cel\u00fd jej\u00ed \u017eivot j\u00ed prov\u00e1zej\u00ed psy, ko\u010dky, papou\u0161ci, hlodavci a tak\u00e9 jeden chameleon:-) V sou\u010dasnosti m\u00e1 dva psy \u2013 Falca (border kolie) a Batmana (bostonsk\u00fd teri\u00e9r). D\u00e1le chov\u00e1 rybi\u010dky a africk\u00e9 \u0161neky.<\/p>\n<p>P\u0159edseda PESOS o.p.s.<\/p>\n<p>P\u0159edseda PESOS o.p.s.Martin Sl\u00e1dek<\/p>\n<p>Vzd\u011bl\u00e1n\u00ed: S\u0160 Martin Sl\u00e1dek Vystudoval st\u0159edn\u00ed \u0161kolu obor automatizace. Pracoval 8 let v \u010cesk\u00e9m telecomu v oboru spr\u00e1vy s\u00edt\u00ed. Tak\u00e9 v ob\u010dansk\u00e9m sdru\u017een\u00ed pro nevidom\u00e9 INTEGRACEOS s P\u0159emyslem Don\u00e1tem a Tiborem Kiktou, jako spr\u00e1vce IT a spr\u00e1vce hlasov\u00fdch aplikac\u00ed HALL, JOWS a SUPERNOVA. Nyn\u00ed pracuje \u010dtrn\u00e1ct\u00fdm rokem jako Service Engineer DELL, Service Engineer HP, Service Engineer LENOVO (d\u0159\u00edve firma SeCom, Getronics) v sou\u010datnosti www.TechSERV.cz. V sou\u010dastnosti aktivn\u011b spolupracuji se spolkem Na Slatin\u00e1ch z.s. a d\u00e1le jsem \u010dlenem dozor\u010d\u00ed rady \u017divot d\u011btem o.p.s. M\u00e1 dva psy \u2013 Sarah (n\u011bmeck\u00fd ov\u010d\u00e1k) a Winnie (\u0161v\u00fdcarsk\u00fd ov\u010d\u00e1k). S ob\u011bma se v\u011bnuje sportovn\u00ed kynologii. Martin je majitelem a jednatelem firmy www.OVCAK.cz eshop s chovatelsk\u00fdmi pot\u0159ebami pro ps\u00ed sporty, a vod\u00e1ck\u00fd eshop www.HouseBoat.cz Martin m\u00e1 chovatelskou stanici N\u011bmeck\u00fdch ov\u010d\u00e1k\u016f World of Garp.<\/p>\n<p>\u010clen spr\u00e1vn\u00ed rady PESOS o.p.s.<\/p>\n<p>\u010clen spr\u00e1vn\u00ed rady PESOS o.p.s.Maria K\u0159epelkov\u00e1<\/p>\n<p>Vzd\u011bl\u00e1n\u00ed: divadeln\u00ed fakulta AMU \u2013 obor re\u017eie Maria K\u0159epelkov\u00e1 \u2013 vystudovala divadeln\u00ed fakultu AMU, obor re\u017eie. Pracovala v \u010cesk\u00e9m rozhlase v liter\u00e1rn\u011b-dramatick\u00e9 redakci jako re\u017eis\u00e9rka p\u0159edev\u0161\u00edm poh\u00e1dek, d\u00e1le jako redaktorka na stanici Radio\u017eurn\u00e1l, Vltava. V \u010cesk\u00e9 televizi to\u010dila report\u00e1\u017ee pro po\u0159ad \u010cern\u00e9 ovce, Klek\u00e1nice a Report\u00e9\u0159i. Je zakladatelkou a \u010dlenkou spr\u00e1vn\u00ed rady divadeln\u00ed sc\u00e9ny Viola ops, pro kterou napsala a re\u017e\u00edrovala n\u011bkolik poh\u00e1dek pro d\u011bti. D\u00e1le zalo\u017eila o.p.s. \u017divot d\u011btem, kde je p\u0159edsedkyn\u00ed. P\u00ed\u0161e pro spot\u0159ebitelsk\u00fd \u010dasopis D Test. M\u00e1 dv\u011b d\u011bti \u2013 Mikul\u00e1\u0161e a Ane\u017eku. \u017dije s fenkou leonbergera \u00c1jou a beng\u00e1lsk\u00fdm kocourem Georgem. Psi i ko\u010dky jsou jej\u00ed velkou celo\u017eivotn\u00ed l\u00e1skou.<\/p>\n<\/div><\/div><\/div><\/div><\/div><div class=\"fusion-fullwidth fullwidth-box fusion-builder-row-2 fusion-flex-container has-pattern-background has-mask-background nonhundred-percent-fullwidth non-hundred-percent-height-scrolling\" style=\"--awb-border-radius-top-left:0px;--awb-border-radius-top-right:0px;--awb-border-radius-bottom-right:0px;--awb-border-radius-bottom-left:0px;--awb-flex-wrap:wrap;\" ><div class=\"fusion-builder-row fusion-row fusion-flex-align-items-flex-start fusion-flex-content-wrap\" style=\"max-width:1216.8px;margin-left: calc(-4% \/ 2 );margin-right: calc(-4% \/ 2 );\"><div class=\"fusion-layout-column fusion_builder_column fusion-builder-column-1 fusion_builder_column_1_1 1_1 fusion-flex-column\" style=\"--awb-bg-size:cover;--awb-width-large:100%;--awb-margin-top-large:0px;--awb-spacing-right-large:1.92%;--awb-margin-bottom-large:20px;--awb-spacing-left-large:1.92%;--awb-width-medium:100%;--awb-order-medium:0;--awb-spacing-right-medium:1.92%;--awb-spacing-left-medium:1.92%;--awb-width-small:100%;--awb-order-small:0;--awb-spacing-right-small:1.92%;--awb-spacing-left-small:1.92%;\"><div class=\"fusion-column-wrapper fusion-column-has-shadow fusion-flex-justify-content-flex-start fusion-content-layout-column\"><\/div><\/div><\/div><\/div><\/p>\n","protected":false},"excerpt":{"rendered":"","protected":false},"author":1,"featured_media":0,"parent":0,"menu_order":0,"comment_status":"closed","ping_status":"closed","template":"","meta":{"footnotes":""},"class_list":["post-17","page","type-page","status-publish","hentry"],"_links":{"self":[{"href":"https:\/\/www.pesos.cz\/index.php?rest_route=\/wp\/v2\/pages\/17","targetHints":{"allow":["GET"]}}],"collection":[{"href":"https:\/\/www.pesos.cz\/index.php?rest_route=\/wp\/v2\/pages"}],"about":[{"href":"https:\/\/www.pesos.cz\/index.php?rest_route=\/wp\/v2\/types\/page"}],"author":[{"embeddable":true,"href":"https:\/\/www.pesos.cz\/index.php?rest_route=\/wp\/v2\/users\/1"}],"replies":[{"embeddable":true,"href":"https:\/\/www.pesos.cz\/index.php?rest_route=%2Fwp%2Fv2%2Fcomments&post=17"}],"version-history":[{"count":5,"href":"https:\/\/www.pesos.cz\/index.php?rest_route=\/wp\/v2\/pages\/17\/revisions"}],"predecessor-version":[{"id":79,"href":"https:\/\/www.pesos.cz\/index.php?rest_route=\/wp\/v2\/pages\/17\/revisions\/79"}],"wp:attachment":[{"href":"https:\/\/www.pesos.cz\/index.php?rest_route=%2Fwp%2Fv2%2Fmedia&parent=17"}],"curies":[{"name":"wp","href":"https:\/\/api.w.org\/{rel}","templated":true}]}}